{"id":575,"date":"2020-03-17T15:44:13","date_gmt":"2020-03-17T15:44:13","guid":{"rendered":"https:\/\/marcclear.com\/outsourcing\/"},"modified":"2020-03-25T11:58:15","modified_gmt":"2020-03-25T11:58:15","slug":"outsourcing","status":"publish","type":"page","link":"https:\/\/marcclear.com\/ca\/outsourcing\/","title":{"rendered":"Outsourcing"},"content":{"rendered":"<p>[vc_row css_animation=&#8221;&#8221; row_type=&#8221;row&#8221; use_row_as_full_screen_section=&#8221;no&#8221; type=&#8221;grid&#8221; angled_section=&#8221;no&#8221; text_align=&#8221;left&#8221; background_image_as_pattern=&#8221;without_pattern&#8221; z_index=&#8221;&#8221; padding_top=&#8221;40&#8243; padding_bottom=&#8221;40&#8243;][vc_column css_animation=&#8221;fadeIn&#8221;][vc_column_text]<\/p>\n<h3>Qu\u00e8 \u00e9s l&#8217;Outsourcing?<\/h3>\n<p>&nbsp;<\/p>\n<p>L&#8217;<strong> outsourcing <\/strong> o <strong>externalitzaci\u00f3<\/strong>, consisteix en la <strong>delegaci\u00f3 de funcions<\/strong> d&#8217;una <strong>empresa a una altra que s&#8217;especialitza en aquesta tasca<\/strong>.<\/p>\n<p>[\/vc_column_text][vc_empty_space height=&#8221;15px&#8221;][vc_column_text]Entre els seus majors beneficis hi ha la <strong>reducci\u00f3 de costos<\/strong> i l&#8217;acc\u00e9s a <strong>noves tecnologies<\/strong>, entre d&#8217;altres, per\u00f2, si el prestador del servei no t\u00e9 la capacitat suficient per a realitzar aquesta funci\u00f3, pot danyar la imatge de l&#8217;empresa contractant. <strong>Marc Clear<\/strong> ofereix les millors solucions d&#8217;externalitzaci\u00f3 de serveis. Ens responsabilitzem completament de tota l&#8217;activitat. Mitjan\u00e7ant la nostra aportaci\u00f3 de recursos, tant t\u00e8cnics com humans, els nostres clients <strong>optimitzen els seus recursos i milloren la seva productivitat<\/strong>.<br \/>\n[\/vc_column_text][vc_empty_space height=&#8221;15px&#8221;][vc_column_text]Aquesta eina es pot utilitzar de <strong>manera t\u00e0ctica o estrat\u00e8gica<\/strong> i es pot adaptar als requeriments de l&#8217;empresa que sol\u00b7licita el servei, s&#8217;implementa en diferents nivells i en \u00e0rees de l&#8217;organitzaci\u00f3 que no s\u00f3n primordials per aix\u00ed guanyar en <strong>competitivitat<\/strong>.<br \/>\n[\/vc_column_text][vc_empty_space height=&#8221;15px&#8221;][vc_column_text]<strong>Marc Clear ofereix la m\u00e0xima transpar\u00e8ncia i serietat<\/strong>:<\/p>\n<p>&#8211; Reflectim clarament, en el contracte, les clares obligacions de les parts.<br \/>\n&#8211; Posem per a cada establiment un responsable que ser\u00e0 el que far\u00e0 el seguiment del dia a dia i transmetr\u00e0 al personal les indicacions de\u00f1 client.<br \/>\n&#8211; Presentem puntualment al client la documentaci\u00f3 acreditativa de compliment de normativa i terminis en mat\u00e8ria de pagaments de salaris, obligacions amb la Seguretat Social, riscos laborals, assegurances de Responsabilitat Civil.[\/vc_column_text][\/vc_column][\/vc_row][vc_row css_animation=&#8221;&#8221; row_type=&#8221;row&#8221; use_row_as_full_screen_section=&#8221;no&#8221; type=&#8221;grid&#8221; angled_section=&#8221;no&#8221; text_align=&#8221;left&#8221; background_image_as_pattern=&#8221;without_pattern&#8221; z_index=&#8221;&#8221; padding_top=&#8221;40&#8243; padding_bottom=&#8221;40&#8243;][vc_column css_animation=&#8221;none&#8221; width=&#8221;1\/2&#8243;][vc_single_image image=&#8221;289&#8243; img_size=&#8221;full&#8221; alignment=&#8221;center&#8221; qode_css_animation=&#8221;element_from_left&#8221;][\/vc_column][vc_column css_animation=&#8221;fadeIn&#8221; width=&#8221;1\/2&#8243;][vc_column_text]<\/p>\n<h3>Avantatges de l&#8217;Outsourcing<\/h3>\n<p>&nbsp;<\/p>\n<p>En els \u00faltims anys, ha crescut de manera imparable i avui es mostra com una excel\u00b7lent eina per dotar les empreses de flexibilitat i incrementar la seva competitivitat.<\/p>\n<p>[\/vc_column_text][vc_empty_space height=&#8221;15px&#8221;]<div class=\"q_icon_list\"><i class=\"qode_icon_font_awesome fa fa-check qode-ili-icon-holder transparent\" style=\"font-size: 16px;color: #10a410;\" ><\/i><p style=\"font-weight: 500;\">Permet enfocar-se en el que \u00e9s realment important: l'activitat que fa a l'empresa guanyar diners.<\/p><\/div><div class=\"q_icon_list\"><i class=\"qode_icon_font_awesome fa fa-check qode-ili-icon-holder transparent\" style=\"font-size: 16px;color: #10a410;\" ><\/i><p style=\"font-weight: 500;\">Disminuir els costos, ja que es pot pagar menys per certes funcions, per exemple la neteja.<\/p><\/div><div class=\"q_icon_list\"><i class=\"qode_icon_font_awesome fa fa-check qode-ili-icon-holder transparent\" style=\"font-size: 16px;color: #10a410;\" ><\/i><p style=\"font-weight: 500;\">Algunes empreses d'Outsourcing compten amb tecnologia que no \u00e9s tan accessible per a l'empresa que desitja utilitzar-la.<\/p><\/div><div class=\"q_icon_list\"><i class=\"qode_icon_font_awesome fa fa-check qode-ili-icon-holder transparent\" style=\"font-size: 16px;color: #10a410;\" ><\/i><p style=\"font-weight: 500;\">Permet tenir una organitzaci\u00f3 esvelta.<\/p><\/div><div class=\"q_icon_list\"><i class=\"qode_icon_font_awesome fa fa-check qode-ili-icon-holder transparent\" style=\"font-size: 16px;color: #10a410;\" ><\/i><p style=\"font-weight: 500;\">D\u00f3na peu a la innovaci\u00f3 ja que es poden obtenir noves idees.<\/p><\/div><div class=\"q_icon_list\"><i class=\"qode_icon_font_awesome fa fa-check qode-ili-icon-holder transparent\" style=\"font-size: 16px;color: #10a410;\" ><\/i><p style=\"font-weight: 500;\">Pot millorar la imatge de l'empresa al contractar serveis especialitzats.<\/p><\/div><div class=\"q_icon_list\"><i class=\"qode_icon_font_awesome fa fa-check qode-ili-icon-holder transparent\" style=\"font-size: 16px;color: #10a410;\" ><\/i><p style=\"font-weight: 500;\">Es deleguen alguns processos corresponents a l'\u00e0rea de recursos humans com negociacions i reclutament.<\/p><\/div>[\/vc_column][\/vc_row][vc_row css_animation=&#8221;&#8221; row_type=&#8221;row&#8221; use_row_as_full_screen_section=&#8221;no&#8221; type=&#8221;grid&#8221; angled_section=&#8221;no&#8221; text_align=&#8221;left&#8221; background_image_as_pattern=&#8221;without_pattern&#8221; z_index=&#8221;&#8221; padding_top=&#8221;40&#8243; padding_bottom=&#8221;120&#8243; background_image=&#8221;433&#8243;][vc_column css_animation=&#8221;fadeIn&#8221;][vc_empty_space height=&#8221;50px&#8221;][vc_column_text]<\/p>\n<h3>FAQs<\/h3>\n<p>&nbsp;<\/p>\n<p>No obstant aix\u00f2, segueixen existint mites i recels sobre ella que fan que moltes empreses no s&#8217;atreveixin a fer el pas definitiu.<\/p>\n<p>[\/vc_column_text][vc_empty_space height=&#8221;25px&#8221;][vc_accordion style=&#8221;accordion&#8221;][vc_accordion_tab title=&#8221;Tindr\u00e9 problemes amb els treballadors?&#8221;][vc_column_text]Poseu-vos en mans d&#8217;una empresa que conegui la normativa i la compleixi.<br \/>\n[\/vc_column_text][\/vc_accordion_tab][vc_accordion_tab title=&#8221;Perdr\u00e9 qualitat de servei?&#8221;][vc_column_text]L&#8217;\u00e8xit d&#8217;un proc\u00e9s d&#8217;outsourcing dep\u00e8n de treballar amb un bon prove\u00efdor. Marc Clear assumeix els \u00edndexs de qualitat establerts pel client, treballant d&#8217;acord amb els requeriments establerts per aquest. \u00c9s imprescindible confiar en una empresa d&#8217;externalitzaci\u00f3 de qualitat, amb l&#8217;experi\u00e8ncia, la formaci\u00f3 i la capacitat adequada per realitzar el proc\u00e9s, validant, si cal, les seves credencials amb clients actuals.<br \/>\n[\/vc_column_text][\/vc_accordion_tab][vc_accordion_tab title=&#8221;Perdr\u00e9 el control?&#8221;][vc_column_text]Marc Clear incorpora a les instal\u00b7lacions del client un equip de treball amb estructura jer\u00e0rquica (per m\u00ednima que sigui) i el seu responsable ser\u00e0 l&#8217;\u00fanic interlocutor amb el client, aix\u00ed com el transmissor a l&#8217;equip de les ordres directes. D&#8217;aquesta manera, es garanteix el control dels processos externalitzats.<br \/>\n[\/vc_column_text][\/vc_accordion_tab][vc_accordion_tab title=&#8221;M&#8217;he de quedar amb el personal que treballa a les meves instal\u00b7lacions?&#8221;][vc_column_text]Quan s&#8217;externalitza una activitat, el personal que la desenvolupa \u00e9s de l&#8217;empresa prove\u00efdora. En cas de finalitzar el contracte o la relaci\u00f3 amb l&#8217;empresa prove\u00efdora, el client no ha, en cap cas, de quedar-se amb el personal ni fer-se c\u00e0rrec dels passius d&#8217;aquest sempre que una nova empresa assumeixi la gesti\u00f3.<br \/>\n[\/vc_column_text][\/vc_accordion_tab][\/vc_accordion][\/vc_column][\/vc_row]<\/p>\n","protected":false},"excerpt":{"rendered":"<p>[vc_row css_animation=&#8221;&#8221; row_type=&#8221;row&#8221; use_row_as_full_screen_section=&#8221;no&#8221; type=&#8221;grid&#8221; angled_section=&#8221;no&#8221; text_align=&#8221;left&#8221; background_image_as_pattern=&#8221;without_pattern&#8221; z_index=&#8221;&#8221; padding_top=&#8221;40&#8243; padding_bottom=&#8221;40&#8243;][vc_column css_animation=&#8221;fadeIn&#8221;][vc_column_text] Qu\u00e8 \u00e9s l&#8217;Outsourcing? &nbsp; L&#8217; outsourcing o externalitzaci\u00f3, consisteix en la delegaci\u00f3 de funcions d&#8217;una empresa a una altra que s&#8217;especialitza en aquesta tasca. [\/vc_column_text][vc_empty_space height=&#8221;15px&#8221;][vc_column_text]Entre els seus majors beneficis hi ha la&#8230;<\/p>\n","protected":false},"author":1,"featured_media":0,"parent":0,"menu_order":0,"comment_status":"closed","ping_status":"closed","template":"full_width.php","meta":[],"_links":{"self":[{"href":"https:\/\/marcclear.com\/ca\/wp-json\/wp\/v2\/pages\/575"}],"collection":[{"href":"https:\/\/marcclear.com\/ca\/wp-json\/wp\/v2\/pages"}],"about":[{"href":"https:\/\/marcclear.com\/ca\/wp-json\/wp\/v2\/types\/page"}],"author":[{"embeddable":true,"href":"https:\/\/marcclear.com\/ca\/wp-json\/wp\/v2\/users\/1"}],"replies":[{"embeddable":true,"href":"https:\/\/marcclear.com\/ca\/wp-json\/wp\/v2\/comments?post=575"}],"version-history":[{"count":6,"href":"https:\/\/marcclear.com\/ca\/wp-json\/wp\/v2\/pages\/575\/revisions"}],"predecessor-version":[{"id":582,"href":"https:\/\/marcclear.com\/ca\/wp-json\/wp\/v2\/pages\/575\/revisions\/582"}],"wp:attachment":[{"href":"https:\/\/marcclear.com\/ca\/wp-json\/wp\/v2\/media?parent=575"}],"curies":[{"name":"wp","href":"https:\/\/api.w.org\/{rel}","templated":true}]}}