{"id":589,"date":"2020-03-17T16:57:57","date_gmt":"2020-03-17T16:57:57","guid":{"rendered":"https:\/\/marcclear.com\/nosotros\/"},"modified":"2024-06-14T11:34:03","modified_gmt":"2024-06-14T09:34:03","slug":"nosaltres","status":"publish","type":"page","link":"https:\/\/marcclear.com\/ca\/nosaltres\/","title":{"rendered":"Nosaltres"},"content":{"rendered":"<p>[vc_row css_animation=&#8221;&#8221; row_type=&#8221;row&#8221; use_row_as_full_screen_section=&#8221;no&#8221; type=&#8221;grid&#8221; angled_section=&#8221;no&#8221; text_align=&#8221;left&#8221; background_image_as_pattern=&#8221;without_pattern&#8221; z_index=&#8221;&#8221; padding_top=&#8221;60&#8243; padding_bottom=&#8221;40&#8243;][vc_column css_animation=&#8221;fadeIn&#8221;][vc_column_text]<strong>Marc Clear S.L. \u00e9s una empresa d&#8217;Outsourcing<\/strong> amb \u00e0mplia experi\u00e8ncia en el sector tur\u00edstic, especialitzada en la neteja dels seus establiments.<br \/>\n[\/vc_column_text][vc_column_text]<strong>Col\u00b7laborem amb Hotels, Aparthotels i Apartaments tur\u00edstics exclusivament<\/strong>, amb personal propi, mai subcontractat, i format per aquestes tasques espec\u00edfiques.<br \/>\n[\/vc_column_text][vc_empty_space height=&#8221;15px&#8221;][vc_column_text]<strong>Amb m\u00e9s de 10 anys en el sector<\/strong>, comptem amb la confian\u00e7a dels nostres primers clients i mantenim una l\u00ednia de creixement continu per\u00f2 controlat. <strong>La nostra filosofia<\/strong> es basa en fidelitzar els nostres clients amb un tracte i servei molt personalitzat.<br \/>\n[\/vc_column_text][vc_empty_space height=&#8221;35px&#8221;]<a  itemprop=\"url\" href=\"https:\/\/marcclear.com\/ca\/contacte\/\" target=\"_self\" data-hover-background-color='#ffffff' data-hover-border-color='#10a410'  class=\"qbutton  default\" style=\"color: #10a410; border-color: #10a410; background-color: #ffffff;\">Contacta'ns i t'assessorem<\/a>[\/vc_column][\/vc_row][vc_row css_animation=&#8221;&#8221; row_type=&#8221;row&#8221; use_row_as_full_screen_section=&#8221;no&#8221; type=&#8221;full_width&#8221; angled_section=&#8221;no&#8221; text_align=&#8221;left&#8221; background_image_as_pattern=&#8221;without_pattern&#8221; z_index=&#8221;&#8221; padding_top=&#8221;40&#8243; padding_bottom=&#8221;40&#8243;][vc_column css_animation=&#8221;none&#8221;][qode_elements_holder background_color=&#8221;#f6f6f7&#8243; number_of_columns=&#8221;two_columns&#8221; columns_proportion=&#8221;66_33&#8243;][qode_elements_holder_item cover=&#8221;yes&#8221; advanced_animations=&#8221;no&#8221; background_image=&#8221;321&#8243;][\/qode_elements_holder_item][qode_elements_holder_item vertical_alignment=&#8221;middle&#8221; horizontal_alignment=&#8221;left&#8221; advanced_animations=&#8221;no&#8221; item_padding=&#8221;30px 10% 30px 10%&#8221;][vc_empty_space height=&#8221;45px&#8221;][vc_column_text]<\/p>\n<h3><span style=\"color: #3a3a3a;\">Avantatges de Marc Clear<\/span><\/h3>\n<p>&nbsp;<\/p>\n<p>Amb la nostra gesti\u00f3 el client aconsegueix avantatges en:<\/p>\n<p>[\/vc_column_text][vc_empty_space height=&#8221;25px&#8221;]<div class=\"q_icon_list\"><i class=\"qode_icon_font_awesome fa fa-check qode-ili-icon-holder transparent\" style=\"font-size: 16px;color: #10a410;\" ><\/i><p style=\"font-weight: 500;\">Optimitzaci\u00f3 de costos (transformaci\u00f3 de costos fixos en variables segons l'ocupaci\u00f3 real de l'hotel)<\/p><\/div><div class=\"q_icon_list\"><i class=\"qode_icon_font_awesome fa fa-check qode-ili-icon-holder transparent\" style=\"font-size: 16px;color: #10a410;\" ><\/i><p style=\"font-weight: 500;\">Menor responsabilitat de l'empresa davant els treballadors (el personal est\u00e0 contractat per Marc Clear S.L.) i davant de l'administraci\u00f3<\/p><\/div><div class=\"q_icon_list\"><i class=\"qode_icon_font_awesome fa fa-check qode-ili-icon-holder transparent\" style=\"font-size: 16px;color: #10a410;\" ><\/i><p style=\"font-weight: 500;\">Gesti\u00f3 d'incid\u00e8ncies amb el personal, baixes laborals, vacances etc...<\/p><\/div><div class=\"q_icon_list\"><i class=\"qode_icon_font_awesome fa fa-check qode-ili-icon-holder transparent\" style=\"font-size: 16px;color: #10a410;\" ><\/i><p style=\"font-weight: 500;\">Prevenci\u00f3 i gesti\u00f3 de riscos laborals<\/p><\/div>[vc_empty_space height=&#8221;45px&#8221;][\/qode_elements_holder_item][\/qode_elements_holder][\/vc_column][\/vc_row][vc_row css_animation=&#8221;&#8221; row_type=&#8221;row&#8221; use_row_as_full_screen_section=&#8221;no&#8221; type=&#8221;grid&#8221; angled_section=&#8221;no&#8221; text_align=&#8221;left&#8221; background_image_as_pattern=&#8221;without_pattern&#8221; z_index=&#8221;&#8221; padding_top=&#8221;50&#8243; padding_bottom=&#8221;90&#8243;][vc_column css_animation=&#8221;fadeIn&#8221; width=&#8221;1\/2&#8243;]<div class='q_icon_with_title large normal_icon '><div class=\"icon_holder \" style=\" \"><span data-icon-type=\"normal\"  data-icon-hover-color=\"#10a410\" style=\"\" class=\"qode_iwt_icon_holder q_font_awsome_icon fa-4x  \"><i class=\"qodef-icon-linea-icon icon-basic-target qode_iwt_icon_element\" style=\"color: #10a410;\" ><\/i><\/span><\/div><div class=\"icon_text_holder\" style=\"\"><div class=\"icon_text_inner\" style=\"\"><h3 class=\"icon_title\" style=\"color: #3a3a3a;\">La nostra missi\u00f3<\/h3><p style=''>Marc Clear pret\u00e9n ser un l\u00edder del mercat nacional en la provisi\u00f3 de serveis de neteja que ofereixin solucions de neteja fiables, de qualitat i rendibles als nostres clients.<\/p><\/div><\/div><\/div>[\/vc_column][vc_column css_animation=&#8221;fadeIn&#8221; width=&#8221;1\/2&#8243;]<div class='q_icon_with_title large normal_icon '><div class=\"icon_holder \" style=\" \"><span data-icon-type=\"normal\"  data-icon-hover-color=\"#10a410\" style=\"\" class=\"qode_iwt_icon_holder q_font_awsome_icon fa-4x  \"><i class=\"qodef-icon-linea-icon icon-basic-world qode_iwt_icon_element\" style=\"color: #10a410;\" ><\/i><\/span><\/div><div class=\"icon_text_holder\" style=\"\"><div class=\"icon_text_inner\" style=\"\"><h3 class=\"icon_title\" style=\"color: #3a3a3a;\">La nostra visi\u00f3<\/h3><p style=''>Estem presents en 5 comunitats aut\u00f2nomes espanyoles i gestionem la neteja en m\u00e9s de 70 establiments amb el mateix tracte personalitzat del primer dia.<\/p><\/div><\/div><\/div>[\/vc_column][\/vc_row]<\/p>\n","protected":false},"excerpt":{"rendered":"<p>[vc_row css_animation=&#8221;&#8221; row_type=&#8221;row&#8221; use_row_as_full_screen_section=&#8221;no&#8221; type=&#8221;grid&#8221; angled_section=&#8221;no&#8221; text_align=&#8221;left&#8221; background_image_as_pattern=&#8221;without_pattern&#8221; z_index=&#8221;&#8221; padding_top=&#8221;60&#8243; padding_bottom=&#8221;40&#8243;][vc_column css_animation=&#8221;fadeIn&#8221;][vc_column_text]Marc Clear S.L. \u00e9s una empresa d&#8217;Outsourcing amb \u00e0mplia experi\u00e8ncia en el sector tur\u00edstic, especialitzada en la neteja dels seus establiments. [\/vc_column_text][vc_column_text]Col\u00b7laborem amb Hotels, Aparthotels i Apartaments tur\u00edstics exclusivament, amb personal propi, mai subcontractat,&#8230;<\/p>\n","protected":false},"author":1,"featured_media":0,"parent":0,"menu_order":0,"comment_status":"closed","ping_status":"closed","template":"full_width.php","meta":[],"_links":{"self":[{"href":"https:\/\/marcclear.com\/ca\/wp-json\/wp\/v2\/pages\/589"}],"collection":[{"href":"https:\/\/marcclear.com\/ca\/wp-json\/wp\/v2\/pages"}],"about":[{"href":"https:\/\/marcclear.com\/ca\/wp-json\/wp\/v2\/types\/page"}],"author":[{"embeddable":true,"href":"https:\/\/marcclear.com\/ca\/wp-json\/wp\/v2\/users\/1"}],"replies":[{"embeddable":true,"href":"https:\/\/marcclear.com\/ca\/wp-json\/wp\/v2\/comments?post=589"}],"version-history":[{"count":7,"href":"https:\/\/marcclear.com\/ca\/wp-json\/wp\/v2\/pages\/589\/revisions"}],"predecessor-version":[{"id":847,"href":"https:\/\/marcclear.com\/ca\/wp-json\/wp\/v2\/pages\/589\/revisions\/847"}],"wp:attachment":[{"href":"https:\/\/marcclear.com\/ca\/wp-json\/wp\/v2\/media?parent=589"}],"curies":[{"name":"wp","href":"https:\/\/api.w.org\/{rel}","templated":true}]}}