{"id":596,"date":"2020-03-17T13:40:59","date_gmt":"2020-03-17T13:40:59","guid":{"rendered":"https:\/\/marcclear.com\/outsourcing-limpieza-hosteleria\/"},"modified":"2024-10-14T16:20:04","modified_gmt":"2024-10-14T14:20:04","slug":"outsourcing-limpieza-hosteleria","status":"publish","type":"page","link":"https:\/\/marcclear.com\/ca\/","title":{"rendered":"Outsourcing de neteja per al sector tur\u00edstic"},"content":{"rendered":"<p>[vc_row css_animation=&#8221;&#8221; row_type=&#8221;row&#8221; use_row_as_full_screen_section=&#8221;no&#8221; type=&#8221;full_width&#8221; angled_section=&#8221;no&#8221; text_align=&#8221;center&#8221; background_image_as_pattern=&#8221;without_pattern&#8221; z_index=&#8221;&#8221; background_image=&#8221;688&#8243; padding_top=&#8221;250&#8243; padding_bottom=&#8221;250&#8243;][vc_column][vc_empty_space height=&#8221;30 px&#8221;][vc_column_text]<\/p>\n<h1 style=\"text-align: center;\"><span style=\"color: #ffffff;\">OUTSOURCING SECTOR<\/span><\/h1>\n<h1 style=\"text-align: center;\"><span style=\"color: #ffffff;\">HOTELER<\/span><\/h1>\n<p>[\/vc_column_text][vc_empty_space height=&#8221;20 px&#8221;][vc_column_text]<\/p>\n<h4 style=\"text-align: center;\"><span style=\"color: #ffffff;\">Som professionals de l&#8217;externalitzaci\u00f3 hotelera<\/span><\/h4>\n<p>[\/vc_column_text][vc_empty_space height=&#8221;30 px&#8221;][\/vc_column][\/vc_row][vc_row css_animation=&#8221;&#8221; row_type=&#8221;row&#8221; use_row_as_full_screen_section=&#8221;no&#8221; type=&#8221;grid&#8221; angled_section=&#8221;no&#8221; text_align=&#8221;left&#8221; background_image_as_pattern=&#8221;without_pattern&#8221; z_index=&#8221;&#8221; el_class=&#8221;overlapping-row&#8221;][vc_column css_animation=&#8221;left-to-right&#8221; css=&#8221;.vc_custom_1582190646224{margin-top: -31% !important;padding-right: 20px !important;padding-left: 20px !important;border-radius: 2px !important;}&#8221; offset=&#8221;vc_col-lg-4 vc_col-md-4&#8243;][qode_elements_holder number_of_columns=&#8221;one_column&#8221; custom_class=&#8221;marclear&#8221;][qode_elements_holder_item advanced_animations=&#8221;no&#8221; background_color=&#8221;#ffffff&#8221; item_padding=&#8221;50px 40px 50px 40px&#8221; item_padding_1024_1280=&#8221;50px 20px 50px 20px&#8221; item_padding_768_1024=&#8221;0 0 0 0&#8243; custom_class=&#8221;icon-holder&#8221;]<div class='q_icon_with_title medium custom_icon_image left_from_title '><div class=\"icon_text_holder\" style=\"\"><div class=\"icon_text_inner\" style=\"\"><div class=\"icon_title_holder\"><div class=\"icon_holder \" style=\" \"><img itemprop=\"image\" style=\"\" src=\"https:\/\/marcclear.com\/wp-content\/uploads\/2020\/03\/vacuum-icon.png\" alt=\"\"><\/div><h3 class=\"icon_title\" style=\"color: #3a3a3a;\">Neteja hotels<\/h3><\/div><p style=''>Realitzem neteges integrals de pisos a Hotels. Neteja impecable de lavabos, terres de tot tipus, finestres i zones comunes.<\/p><\/div><\/div><\/div>[\/qode_elements_holder_item][\/qode_elements_holder][\/vc_column][vc_column css_animation=&#8221;top-to-bottom&#8221; css=&#8221;.vc_custom_1582195915935{margin-top: -31% !important;padding-right: 20px !important;padding-left: 20px !important;border-radius: 2px !important;}&#8221; offset=&#8221;vc_col-lg-4 vc_col-md-4&#8243;][qode_elements_holder number_of_columns=&#8221;one_column&#8221; custom_class=&#8221;marclear&#8221;][qode_elements_holder_item advanced_animations=&#8221;no&#8221; background_color=&#8221;#ffffff&#8221; item_padding=&#8221;50px 40px 50px 40px&#8221; item_padding_1024_1280=&#8221;50px 20px 50px 20px&#8221; item_padding_768_1024=&#8221;0 0 0 0&#8243; custom_class=&#8221;icon-holder&#8221;]<div class='q_icon_with_title medium custom_icon_image left_from_title '><div class=\"icon_text_holder\" style=\"\"><div class=\"icon_text_inner\" style=\"\"><div class=\"icon_title_holder\"><div class=\"icon_holder \" style=\" \"><img itemprop=\"image\" style=\"\" src=\"https:\/\/marcclear.com\/wp-content\/uploads\/2020\/03\/bed-icon.png\" alt=\"\"><\/div><h3 class=\"icon_title\" style=\"color: #3a3a3a;\">Manteniment hotels<\/h3><\/div><p style=''>Manteniment d'instal\u00b7lacions auxiliars i decoraci\u00f3, il\u00b7luminaci\u00f3, productes, disposem de tots els materials i maquin\u00e0ria necessaris.<\/p><\/div><\/div><\/div>[\/qode_elements_holder_item][\/qode_elements_holder][\/vc_column][vc_column css_animation=&#8221;right-to-left&#8221; css=&#8221;.vc_custom_1582190674518{margin-top: -31% !important;padding-right: 20px !important;padding-left: 20px !important;border-radius: 2px !important;}&#8221; offset=&#8221;vc_col-lg-4 vc_col-md-4&#8243;][qode_elements_holder number_of_columns=&#8221;one_column&#8221; custom_class=&#8221;marclear&#8221;][qode_elements_holder_item advanced_animations=&#8221;no&#8221; background_color=&#8221;#ffffff&#8221; item_padding=&#8221;50px 40px 50px 40px&#8221; item_padding_1024_1280=&#8221;50px 20px 50px 20px&#8221; item_padding_768_1024=&#8221;0 0 0 0&#8243; custom_class=&#8221;icon-holder&#8221;]<div class='q_icon_with_title medium custom_icon_image left_from_title '><div class=\"icon_text_holder\" style=\"\"><div class=\"icon_text_inner\" style=\"\"><div class=\"icon_title_holder\"><div class=\"icon_holder \" style=\" \"><img itemprop=\"image\" style=\"\" src=\"https:\/\/marcclear.com\/wp-content\/uploads\/2024\/06\/escritorio.png\" alt=\"\"><\/div><h3 class=\"icon_title\" style=\"color: #3a3a3a;\">Neteja d'oficines<\/h3><\/div><p style=''>Comptem amb un equip expert en la neteja de manteniment d'oficines i empreses que ser\u00e0 capa\u00e7 d'oferir-vos un servei integral.<\/p><\/div><\/div><\/div>[\/qode_elements_holder_item][\/qode_elements_holder][\/vc_column][\/vc_row][vc_row css_animation=&#8221;&#8221; row_type=&#8221;row&#8221; use_row_as_full_screen_section=&#8221;no&#8221; type=&#8221;grid&#8221; angled_section=&#8221;no&#8221; text_align=&#8221;left&#8221; background_image_as_pattern=&#8221;without_pattern&#8221; z_index=&#8221;&#8221; el_class=&#8221;overlapping-row&#8221;][vc_column css_animation=&#8221;left-to-right&#8221; css=&#8221;.vc_custom_1582190646224{margin-top: -31% !important;padding-right: 20px !important;padding-left: 20px !important;border-radius: 2px !important;}&#8221; offset=&#8221;vc_col-lg-4 vc_col-md-4&#8243;][\/vc_column][vc_column css_animation=&#8221;top-to-bottom&#8221; css=&#8221;.vc_custom_1582195915935{margin-top: -31% !important;padding-right: 20px !important;padding-left: 20px !important;border-radius: 2px !important;}&#8221; offset=&#8221;vc_col-lg-4 vc_col-md-4&#8243;][vc_empty_space height=&#8221;130 px&#8221;]<a  itemprop=\"url\" href=\"https:\/\/marcclear.com\/ca\/serveis\/\" target=\"_self\" data-hover-background-color='#ffffff' data-hover-border-color='#10a410'  class=\"qbutton  default\" style=\"color: #10a410; border-color: #10a410; background-color: #ffffff;\"><\/a>[\/vc_column][vc_column css_animation=&#8221;right-to-left&#8221; css=&#8221;.vc_custom_1582190674518{margin-top: -31% !important;padding-right: 20px !important;padding-left: 20px !important;border-radius: 2px !important;}&#8221; offset=&#8221;vc_col-lg-4 vc_col-md-4&#8243;][\/vc_column][\/vc_row][vc_row css_animation=&#8221;&#8221; row_type=&#8221;row&#8221; use_row_as_full_screen_section=&#8221;no&#8221; type=&#8221;grid&#8221; angled_section=&#8221;no&#8221; text_align=&#8221;left&#8221; background_image_as_pattern=&#8221;without_pattern&#8221; z_index=&#8221;&#8221; padding_top=&#8221;90&#8243; padding_bottom=&#8221;90&#8243;][vc_column css_animation=&#8221;slideInLeft&#8221; width=&#8221;1\/2&#8243;][vc_column_text]<\/p>\n<h3><span style=\"color: #42b85b; font-weight: 800;\">FACILITY SERVICE<\/span><\/h3>\n<p>[\/vc_column_text][vc_empty_space][vc_column_text]<\/p>\n<h2>La millor soluci\u00f3 outsourcing<\/h2>\n<p>[\/vc_column_text][vc_empty_space][vc_row_inner row_type=&#8221;row&#8221; type=&#8221;full_width&#8221; text_align=&#8221;left&#8221; css_animation=&#8221;&#8221;][vc_column_inner][vc_column_text]<strong>Marc Clear<\/strong> ofereix als nostres clients tots aquells serveis que necessitin <strong>externalitzar<\/strong> per a concentrar-se en el seu negoci principal core business i desenvolupar tot el seu potencial. Ens adaptem a les seves necessitats en cada moment per mantenir relacions a llarg termini basades en la confian\u00e7a m\u00fatua.<\/p>\n<p>&nbsp;<\/p>\n<p><strong>Marc Clear<\/strong> \u00e9s una <strong>empresa d&#8217;Outsourcing<\/strong> amb \u00e0mplia experi\u00e8ncia en el sector tur\u00edstic, especialitzada en la neteja dels establiments.<\/p>\n<p>&nbsp;<\/p>\n<p><strong>Col\u00b7laborem amb Hotels, Aparthotels i Apartaments tur\u00edstics<\/strong> exclusivament, amb personal propi, mai subcontractat, i format per aquestes tasques espec\u00edfiques.<\/p>\n<p>&nbsp;<\/p>\n<p>Amb m\u00e9s de <strong>10 anys en el sector<\/strong>, comptem amb la confian\u00e7a dels nostres primers clients i mantenim una l\u00ednia de creixement continu per\u00f2 controlat. La nostra filosofia es basa en fidelitzar els nostres clients amb un tracte i servei molt personalitzat.<br \/>\n[\/vc_column_text][\/vc_column_inner][\/vc_row_inner][\/vc_column][vc_column css_animation=&#8221;slideInRight&#8221; width=&#8221;1\/2&#8243; css=&#8221;.vc_custom_1582204921475{padding-right: 10% !important;padding-left: 10% !important;}&#8221;][vc_empty_space height=&#8221;30px&#8221;]<div class=\"qode-advanced-image-gallery  qode-aig-grid-type qode-small-space  qode-image-behavior-lightbox \">\n\t<div class=\"qode-aig-inner qode-outer-space qode-aig-grid qode-aig-two-columns\">\n\t\t\t\t\t<div class=\"qode-aig-image qode-item-space\">\n\t\t\t\t<div class=\"qode-aig-image-inner\">\n\t\t\t\t\t\t\t\t\t\t\t<a itemprop=\"image\" class=\"qode-aig-lightbox\" href=\"https:\/\/marcclear.com\/wp-content\/uploads\/2020\/03\/marcclear-inici-imatge-001.jpg\" data-rel=\"prettyPhoto[image_gallery_pretty_photo-127]\" title=\"marcclear-inici-imatge-001\">\n\t\t\t\t\t\t\t\t\t\t\t<img width=\"600\" height=\"600\" src=\"https:\/\/marcclear.com\/wp-content\/uploads\/2020\/03\/marcclear-inici-imatge-001.jpg\" class=\"attachment-full size-full\" alt=\"\" decoding=\"async\" loading=\"lazy\" srcset=\"https:\/\/marcclear.com\/wp-content\/uploads\/2020\/03\/marcclear-inici-imatge-001.jpg 600w, https:\/\/marcclear.com\/wp-content\/uploads\/2020\/03\/marcclear-inici-imatge-001-300x300.jpg 300w, https:\/\/marcclear.com\/wp-content\/uploads\/2020\/03\/marcclear-inici-imatge-001-150x150.jpg 150w, https:\/\/marcclear.com\/wp-content\/uploads\/2020\/03\/marcclear-inici-imatge-001-570x570.jpg 570w, https:\/\/marcclear.com\/wp-content\/uploads\/2020\/03\/marcclear-inici-imatge-001-500x500.jpg 500w\" sizes=\"(max-width: 600px) 100vw, 600px\" \/>\t\t\t\t\t\t<span class=\"aig-gallery-hover\">\n\t\t\t\t\t\t\t\t\t\t\t\t\t<\/span>\n\t\t\t\t\t\t\t\t\t\t\t<\/a>\n\t\t\t\t\t\t\t\t\t<\/div>\n\t\t\t<\/div>\n\t\t\t\t\t<div class=\"qode-aig-image qode-item-space\">\n\t\t\t\t<div class=\"qode-aig-image-inner\">\n\t\t\t\t\t\t\t\t\t\t\t<a itemprop=\"image\" class=\"qode-aig-lightbox\" href=\"https:\/\/marcclear.com\/wp-content\/uploads\/2020\/03\/marcclear-inici-imatge-002.jpg\" data-rel=\"prettyPhoto[image_gallery_pretty_photo-127]\" title=\"marcclear-inici-imatge-002\">\n\t\t\t\t\t\t\t\t\t\t\t<img width=\"600\" height=\"600\" src=\"https:\/\/marcclear.com\/wp-content\/uploads\/2020\/03\/marcclear-inici-imatge-002.jpg\" class=\"attachment-full size-full\" alt=\"\" decoding=\"async\" loading=\"lazy\" srcset=\"https:\/\/marcclear.com\/wp-content\/uploads\/2020\/03\/marcclear-inici-imatge-002.jpg 600w, https:\/\/marcclear.com\/wp-content\/uploads\/2020\/03\/marcclear-inici-imatge-002-300x300.jpg 300w, https:\/\/marcclear.com\/wp-content\/uploads\/2020\/03\/marcclear-inici-imatge-002-150x150.jpg 150w, https:\/\/marcclear.com\/wp-content\/uploads\/2020\/03\/marcclear-inici-imatge-002-570x570.jpg 570w, https:\/\/marcclear.com\/wp-content\/uploads\/2020\/03\/marcclear-inici-imatge-002-500x500.jpg 500w\" sizes=\"(max-width: 600px) 100vw, 600px\" \/>\t\t\t\t\t\t<span class=\"aig-gallery-hover\">\n\t\t\t\t\t\t\t\t\t\t\t\t\t<\/span>\n\t\t\t\t\t\t\t\t\t\t\t<\/a>\n\t\t\t\t\t\t\t\t\t<\/div>\n\t\t\t<\/div>\n\t\t\t\t\t<div class=\"qode-aig-image qode-item-space\">\n\t\t\t\t<div class=\"qode-aig-image-inner\">\n\t\t\t\t\t\t\t\t\t\t\t<a itemprop=\"image\" class=\"qode-aig-lightbox\" href=\"https:\/\/marcclear.com\/wp-content\/uploads\/2020\/03\/marcclear-inici-imatge-003.jpg\" data-rel=\"prettyPhoto[image_gallery_pretty_photo-127]\" title=\"marcclear-inici-imatge-003\">\n\t\t\t\t\t\t\t\t\t\t\t<img width=\"600\" height=\"600\" src=\"https:\/\/marcclear.com\/wp-content\/uploads\/2020\/03\/marcclear-inici-imatge-003.jpg\" class=\"attachment-full size-full\" alt=\"\" decoding=\"async\" loading=\"lazy\" srcset=\"https:\/\/marcclear.com\/wp-content\/uploads\/2020\/03\/marcclear-inici-imatge-003.jpg 600w, https:\/\/marcclear.com\/wp-content\/uploads\/2020\/03\/marcclear-inici-imatge-003-300x300.jpg 300w, https:\/\/marcclear.com\/wp-content\/uploads\/2020\/03\/marcclear-inici-imatge-003-150x150.jpg 150w, https:\/\/marcclear.com\/wp-content\/uploads\/2020\/03\/marcclear-inici-imatge-003-570x570.jpg 570w, https:\/\/marcclear.com\/wp-content\/uploads\/2020\/03\/marcclear-inici-imatge-003-500x500.jpg 500w\" sizes=\"(max-width: 600px) 100vw, 600px\" \/>\t\t\t\t\t\t<span class=\"aig-gallery-hover\">\n\t\t\t\t\t\t\t\t\t\t\t\t\t<\/span>\n\t\t\t\t\t\t\t\t\t\t\t<\/a>\n\t\t\t\t\t\t\t\t\t<\/div>\n\t\t\t<\/div>\n\t\t\t\t\t<div class=\"qode-aig-image qode-item-space\">\n\t\t\t\t<div class=\"qode-aig-image-inner\">\n\t\t\t\t\t\t\t\t\t\t\t<a itemprop=\"image\" class=\"qode-aig-lightbox\" href=\"https:\/\/marcclear.com\/wp-content\/uploads\/2020\/03\/marcclear-inici-imatge-004.jpg\" data-rel=\"prettyPhoto[image_gallery_pretty_photo-127]\" title=\"marcclear-inici-imatge-004\">\n\t\t\t\t\t\t\t\t\t\t\t<img width=\"600\" height=\"600\" src=\"https:\/\/marcclear.com\/wp-content\/uploads\/2020\/03\/marcclear-inici-imatge-004.jpg\" class=\"attachment-full size-full\" alt=\"\" decoding=\"async\" loading=\"lazy\" srcset=\"https:\/\/marcclear.com\/wp-content\/uploads\/2020\/03\/marcclear-inici-imatge-004.jpg 600w, https:\/\/marcclear.com\/wp-content\/uploads\/2020\/03\/marcclear-inici-imatge-004-300x300.jpg 300w, https:\/\/marcclear.com\/wp-content\/uploads\/2020\/03\/marcclear-inici-imatge-004-150x150.jpg 150w, https:\/\/marcclear.com\/wp-content\/uploads\/2020\/03\/marcclear-inici-imatge-004-570x570.jpg 570w, https:\/\/marcclear.com\/wp-content\/uploads\/2020\/03\/marcclear-inici-imatge-004-500x500.jpg 500w\" sizes=\"(max-width: 600px) 100vw, 600px\" \/>\t\t\t\t\t\t<span class=\"aig-gallery-hover\">\n\t\t\t\t\t\t\t\t\t\t\t\t\t<\/span>\n\t\t\t\t\t\t\t\t\t\t\t<\/a>\n\t\t\t\t\t\t\t\t\t<\/div>\n\t\t\t<\/div>\n\t\t\t<\/div>\n<\/div>[\/vc_column][vc_column][\/vc_column][\/vc_row][vc_row css_animation=&#8221;&#8221; row_type=&#8221;row&#8221; use_row_as_full_screen_section=&#8221;no&#8221; type=&#8221;grid&#8221; angled_section=&#8221;no&#8221; text_align=&#8221;left&#8221; background_image_as_pattern=&#8221;without_pattern&#8221; z_index=&#8221;&#8221; padding_top=&#8221;20&#8243; padding_bottom=&#8221;60&#8243; background_image=&#8221;433&#8243;][vc_column css_animation=&#8221;fadeIn&#8221;][vc_empty_space height=&#8221;60px&#8221;][vc_column_text]<\/p>\n<h3 style=\"text-align: center;\"><span style=\"color: #3a3a3a;\">Les nostres ISOS<\/span><\/h3>\n<div id=\"gtx-trans\" style=\"position: absolute; left: -7px; top: -5.78125px;\">\n<div class=\"gtx-trans-icon\"><\/div>\n<\/div>\n<p>[\/vc_column_text][vc_empty_space height=&#8221;50px&#8221;][vc_row_inner row_type=&#8221;row&#8221; type=&#8221;grid&#8221; text_align=&#8221;left&#8221; css_animation=&#8221;&#8221;][vc_column_inner width=&#8221;1\/4&#8243;][\/vc_column_inner][vc_column_inner width=&#8221;1\/4&#8243;]<div class='q_icon_with_title medium custom_icon_image center '><div class=\"icon_holder \" style=\" \"><img itemprop=\"image\" style=\"\" src=\"https:\/\/marcclear.com\/wp-content\/uploads\/2024\/06\/archivo.png\" alt=\"\"><\/div><div class=\"icon_text_holder\" style=\"\"><div class=\"icon_text_inner\" style=\"\"><h5 class=\"icon_title\" style=\"\">ISO 9001 | Qualitat<\/h5><p style=''><\/p><a itemprop='url' class='icon_with_title_link' href='https:\/\/marcclear.com\/wp-content\/uploads\/2024\/10\/MARCCLEAR-GKSP-0215-QC2024-1.pdf' target='_self' style=''>Veure m\u00e9s<\/a><\/div><\/div><\/div>[\/vc_column_inner][vc_column_inner width=&#8221;1\/4&#8243;]<div class='q_icon_with_title medium custom_icon_image center '><div class=\"icon_holder \" style=\" \"><img itemprop=\"image\" style=\"\" src=\"https:\/\/marcclear.com\/wp-content\/uploads\/2024\/06\/archivo.png\" alt=\"\"><\/div><div class=\"icon_text_holder\" style=\"\"><div class=\"icon_text_inner\" style=\"\"><h5 class=\"icon_title\" style=\"\">ISO 14000 | Mediambient<\/h5><p style=''><\/p><a itemprop='url' class='icon_with_title_link' href='https:\/\/marcclear.com\/wp-content\/uploads\/2024\/10\/MARCCLEAR-GKSP-0215-EC2024-2.pdf' target='_self' style=''>Veure m\u00e9s<\/a><\/div><\/div><\/div>[\/vc_column_inner][vc_column_inner width=&#8221;1\/4&#8243;][\/vc_column_inner][\/vc_row_inner][\/vc_column][\/vc_row][vc_row css_animation=&#8221;&#8221; row_type=&#8221;row&#8221; use_row_as_full_screen_section=&#8221;no&#8221; type=&#8221;full_width&#8221; angled_section=&#8221;no&#8221; text_align=&#8221;left&#8221; background_image_as_pattern=&#8221;without_pattern&#8221; z_index=&#8221;&#8221; padding_top=&#8221;0&#8243; padding_bottom=&#8221;0&#8243;][vc_column][qode_elements_holder background_color=&#8221;#10a410&#8243; number_of_columns=&#8221;two_columns&#8221;][qode_elements_holder_item vertical_alignment=&#8221;middle&#8221; horizontal_alignment=&#8221;center&#8221; advanced_animations=&#8221;no&#8221; background_image=&#8221;250&#8243; item_padding=&#8221;5% 10% 5% 10%&#8221;][vc_empty_space][vc_raw_html]JTNDaDQlM0UlM0NzcGFuJTIwc3R5bGUlM0QlMjJjb2xvciUzQSUyMCUyM2ZmZmZmZiUzQiUyMiUzRU9maWNpbmElMjBCYXJjZWxvbmElM0MlMkZzcGFuJTNFJTNDJTJGaDQlM0UlMEElM0NoNSUzRSUzQ3NwYW4lMjBzdHlsZSUzRCUyMmNvbG9yJTNBJTIwJTIzZmZmZmZmJTNCJTIyJTNFQyUyRiUyMEF1c2lhJTIwTWFyYyUyMG4lQzIlQkElMjAyNiUyQyUyMDMlQzIlQkEtMyVDMiVBQSUzQyUyRnNwYW4lM0UlM0MlMkZoNSUzRSUwQSUzQ2g1JTNFJTNDc3BhbiUyMHN0eWxlJTNEJTIyY29sb3IlM0ElMjAlMjNmZmZmZmYlM0IlMjIlM0UwODAxMCUyMEJhcmNlbG9uYSUzQyUyRnNwYW4lM0UlM0MlMkZoNSUzRSUwQSUzQ2g1JTNFJTNDc3BhbiUyMHN0eWxlJTNEJTIyY29sb3IlM0ElMjAlMjNmZmZmZmYlM0IlMjIlM0VUZWwuJTNBJTIwOTMxNDY1NDk2JTNDJTJGc3BhbiUzRSUzQyUyRmg1JTNFJTBB[\/vc_raw_html][vc_empty_space][vc_raw_html]JTNDaDQlM0UlM0NzcGFuJTIwc3R5bGUlM0QlMjJjb2xvciUzQSUyMCUyM2ZmZmZmZiUzQiUyMiUzRU9maWNpbmElMjBjZW50cmFsJTNDJTJGc3BhbiUzRSUzQyUyRmg0JTNFJTBBJTNDaDUlM0UlM0NzcGFuJTIwc3R5bGUlM0QlMjJjb2xvciUzQSUyMCUyM2ZmZmZmZiUzQiUyMiUzRUMlMkYlMjBKb3NlcCUyMFBsYSUyQyUyMDEzJTNDJTJGc3BhbiUzRSUzQ2JyJTNFJTBBJTNDc3BhbiUyMHN0eWxlJTNEJTIyY29sb3IlM0ElMjAlMjNmZmZmZmYlM0IlMjIlM0UxNzQxMiUyME1hJUMzJUE3YW5ldCUyMGRlJTIwbGElMjBTZWx2YSUyQyUyMEdpcm9uYSUzQyUyRnNwYW4lM0UlM0MlMkZoNSUzRSUwQSUzQ3NwYW4lMjBzdHlsZSUzRCUyMmNvbG9yJTNBJTIwJTIzZmZmZmZmJTNCJTIyJTNFVGVsLiUzQSUyMDg3Mjk4NTg1OCUyMCVFMiU4MCU5MyUyMDYwODk0MzU5NSUzQyUyRnNwYW4lM0UlM0MlMkZoNSUzRQ==[\/vc_raw_html][vc_empty_space][vc_raw_html]JTNDaDQlM0UlM0NzcGFuJTIwc3R5bGUlM0QlMjJjb2xvciUzQSUyMCUyM2ZmZmZmZiUzQiUyMiUzRU1BUkMlMjBDTEVBUiUyMFMuTC4lM0MlMkZzcGFuJTNFJTNDJTJGaDQlM0UlMEElM0NoNSUzRSUzQ3NwYW4lMjBzdHlsZSUzRCUyMmNvbG9yJTNBJTIwJTIzZmZmZmZmJTNCJTIyJTNFQyUyRiUyMFBlbnNhbWllbnRvJTJDJTIwMjclM0MlMkZzcGFuJTNFJTNDJTJGaDUlM0UlMEElM0NoNSUzRSUzQ3NwYW4lMjBzdHlsZSUzRCUyMmNvbG9yJTNBJTIwJTIzZmZmZmZmJTNCJTIyJTNFMjgwMjAlMjBNYWRyaWQlM0MlMkZzcGFuJTNFJTNDJTJGaDUlM0UlMEElMEE=[\/vc_raw_html][vc_empty_space][vc_raw_html]JTNDaDQlM0UlM0NzcGFuJTIwc3R5bGUlM0QlMjJjb2xvciUzQSUyMCUyM2ZmZmZmZiUzQiUyMiUzRUVNQUlMJTNDJTJGc3BhbiUzRSUzQyUyRmg0JTNFJTBBJTNDaDUlM0UlM0NzcGFuJTIwc3R5bGUlM0QlMjJjb2xvciUzQSUyMCUyM2ZmZmZmZiUzQiUyMiUzRSUzQ2ElMjBzdHlsZSUzRCUyMmNvbG9yJTNBJTIwJTIzZmZmZmZmJTNCJTIyJTIwaHJlZiUzRCUyMm1haWx0byUzQWluZm8lNDBtYXJjY2xlYXIuY29tJTIyJTNFaW5mbyU0MG1hcmNjbGVhci5jb20lM0MlMkZhJTNFJTNDJTJGc3BhbiUzRSUzQyUyRmg1JTNF[\/vc_raw_html][\/qode_elements_holder_item][qode_elements_holder_item vertical_alignment=&#8221;middle&#8221; horizontal_alignment=&#8221;center&#8221; advanced_animations=&#8221;no&#8221; item_padding=&#8221;5% 15% 5% 15%&#8221;][vc_empty_space][vc_raw_html]JTNDaDQlMjBzdHlsZSUzRCUyMnRleHQtYWxpZ24lM0ElMjBsZWZ0JTNCJTIyJTNFJTNDc3Ryb25nJTNFJTNDc3BhbiUyMHN0eWxlJTNEJTIyY29sb3IlM0ElMjAlMjNmZmZmZmYlM0IlMjIlM0VORUNFU1NJVEVTJTIwSU5GT1JNQUNJJUMzJTkzJTNGJTNDJTJGc3BhbiUzRSUzQyUyRnN0cm9uZyUzRSUzQyUyRmg0JTNFJTBB[\/vc_raw_html][vc_empty_space height=&#8221;12px&#8221;][vc_column_text]<\/p>\n<h2 style=\"text-align: left;\"><strong>Fes-nos una consulta!<\/strong><\/h2>\n<p>[\/vc_column_text][vc_empty_space]<div role=\"form\" class=\"wpcf7\" id=\"wpcf7-f571-o1\" lang=\"es-ES\" dir=\"ltr\">\n<div class=\"screen-reader-response\"><\/div>\n<form action=\"\/ca\/wp-json\/wp\/v2\/pages\/596#wpcf7-f571-o1\" method=\"post\" class=\"wpcf7-form cf7_custom_style_2\" novalidate=\"novalidate\">\n<div style=\"display: none;\">\n<input type=\"hidden\" name=\"_wpcf7\" value=\"571\" \/>\n<input type=\"hidden\" name=\"_wpcf7_version\" value=\"5.1.7\" \/>\n<input type=\"hidden\" name=\"_wpcf7_locale\" value=\"es_ES\" \/>\n<input type=\"hidden\" name=\"_wpcf7_unit_tag\" value=\"wpcf7-f571-o1\" \/>\n<input type=\"hidden\" name=\"_wpcf7_container_post\" value=\"0\" \/>\n<\/div>\n<p><span class=\"wpcf7-form-control-wrap your-name\"><input type=\"text\" name=\"your-name\" value=\"\" size=\"40\" class=\"wpcf7-form-control wpcf7-text wpcf7-validates-as-required\" aria-required=\"true\" aria-invalid=\"false\" placeholder=\"Nom i cognoms*\" \/><\/span> <\/p>\n<p><span class=\"wpcf7-form-control-wrap your-email\"><input type=\"email\" name=\"your-email\" value=\"\" size=\"40\" class=\"wpcf7-form-control wpcf7-text wpcf7-email wpcf7-validates-as-required wpcf7-validates-as-email\" aria-required=\"true\" aria-invalid=\"false\" placeholder=\"Email*\" \/><\/span> <\/p>\n<p><span class=\"wpcf7-form-control-wrap tel-503\"><input type=\"tel\" name=\"tel-503\" value=\"\" size=\"40\" class=\"wpcf7-form-control wpcf7-text wpcf7-tel wpcf7-validates-as-tel\" aria-invalid=\"false\" placeholder=\"Tel\u00e8fon\" \/><\/span><\/p>\n<p><span class=\"wpcf7-form-control-wrap your-message\"><textarea name=\"your-message\" cols=\"40\" rows=\"10\" class=\"wpcf7-form-control wpcf7-textarea\" aria-invalid=\"false\" placeholder=\"Missatge*\"><\/textarea><\/span> <\/p>\n<p style=\"text-align: left;\"><span class=\"wpcf7-form-control-wrap acceptance-953\"><span class=\"wpcf7-form-control wpcf7-acceptance\"><span class=\"wpcf7-list-item\"><label><input type=\"checkbox\" name=\"acceptance-953\" value=\"1\" aria-invalid=\"false\" \/><span class=\"wpcf7-list-item-label\">He llegit i accepto la <a href=\"https:\/\/marcclear.com\/politica-de-privacidad\/\" class=\"pagelink\" target=\"_blank\">Pol\u00edtica de Privacitat<\/a> i  l'<a href=\"https:\/\/marcclear.com\/aviso-legal\/\" class=\"pagelink\" target=\"_blank\">Av\u00eds Legal<\/a>.<\/span><\/label><\/span><\/span><\/span><\/p>\n<p><input type=\"submit\" value=\"Enviar\" class=\"wpcf7-form-control wpcf7-submit\" \/><\/p>\n<div class=\"inv-recaptcha-holder\"><\/div><div class=\"wpcf7-response-output wpcf7-display-none\"><\/div><\/form><\/div>[\/qode_elements_holder_item][\/qode_elements_holder][\/vc_column][\/vc_row]<\/p>\n","protected":false},"excerpt":{"rendered":"<p>[vc_row css_animation=&#8221;&#8221; row_type=&#8221;row&#8221; use_row_as_full_screen_section=&#8221;no&#8221; type=&#8221;full_width&#8221; angled_section=&#8221;no&#8221; text_align=&#8221;center&#8221; background_image_as_pattern=&#8221;without_pattern&#8221; z_index=&#8221;&#8221; background_image=&#8221;688&#8243; padding_top=&#8221;250&#8243; padding_bottom=&#8221;250&#8243;][vc_column][vc_empty_space height=&#8221;30 px&#8221;][vc_column_text] OUTSOURCING SECTOR HOTELER [\/vc_column_text][vc_empty_space height=&#8221;20 px&#8221;][vc_column_text] Som professionals de l&#8217;externalitzaci\u00f3 hotelera [\/vc_column_text][vc_empty_space height=&#8221;30 px&#8221;][\/vc_column][\/vc_row][vc_row css_animation=&#8221;&#8221; row_type=&#8221;row&#8221; use_row_as_full_screen_section=&#8221;no&#8221; type=&#8221;grid&#8221; angled_section=&#8221;no&#8221; text_align=&#8221;left&#8221; background_image_as_pattern=&#8221;without_pattern&#8221; z_index=&#8221;&#8221; el_class=&#8221;overlapping-row&#8221;][vc_column css_animation=&#8221;left-to-right&#8221; css=&#8221;.vc_custom_1582190646224{margin-top: -31% !important;padding-right: 20px !important;padding-left: 20px !important;border-radius:&#8230;<\/p>\n","protected":false},"author":1,"featured_media":0,"parent":0,"menu_order":0,"comment_status":"closed","ping_status":"closed","template":"full_width.php","meta":[],"_links":{"self":[{"href":"https:\/\/marcclear.com\/ca\/wp-json\/wp\/v2\/pages\/596"}],"collection":[{"href":"https:\/\/marcclear.com\/ca\/wp-json\/wp\/v2\/pages"}],"about":[{"href":"https:\/\/marcclear.com\/ca\/wp-json\/wp\/v2\/types\/page"}],"author":[{"embeddable":true,"href":"https:\/\/marcclear.com\/ca\/wp-json\/wp\/v2\/users\/1"}],"replies":[{"embeddable":true,"href":"https:\/\/marcclear.com\/ca\/wp-json\/wp\/v2\/comments?post=596"}],"version-history":[{"count":19,"href":"https:\/\/marcclear.com\/ca\/wp-json\/wp\/v2\/pages\/596\/revisions"}],"predecessor-version":[{"id":870,"href":"https:\/\/marcclear.com\/ca\/wp-json\/wp\/v2\/pages\/596\/revisions\/870"}],"wp:attachment":[{"href":"https:\/\/marcclear.com\/ca\/wp-json\/wp\/v2\/media?parent=596"}],"curies":[{"name":"wp","href":"https:\/\/api.w.org\/{rel}","templated":true}]}}