{"id":635,"date":"2020-04-27T12:15:16","date_gmt":"2020-04-27T12:15:16","guid":{"rendered":"https:\/\/marcclear.com\/servicios-de-limpieza-covid19\/"},"modified":"2020-07-27T17:14:18","modified_gmt":"2020-07-27T17:14:18","slug":"serveis-de-neteja-covid19","status":"publish","type":"page","link":"https:\/\/marcclear.com\/ca\/serveis-de-neteja-covid19\/","title":{"rendered":"Covid-19"},"content":{"rendered":"<p>[vc_row css_animation=&#8221;&#8221; row_type=&#8221;row&#8221; use_row_as_full_screen_section=&#8221;no&#8221; type=&#8221;grid&#8221; angled_section=&#8221;no&#8221; text_align=&#8221;left&#8221; background_image_as_pattern=&#8221;without_pattern&#8221; z_index=&#8221;&#8221; padding_top=&#8221;60&#8243; padding_bottom=&#8221;60&#8243;][vc_column css_animation=&#8221;fadeIn&#8221;][vc_column_text]Marc Clear com a responsable de neteja i en conseq\u00fc\u00e8ncia de la <strong>situaci\u00f3 epidemiol\u00f2gica davant la qual ens trobem<\/strong>, considera necessari, activar un protocol de refor\u00e7 de neteja en zones espec\u00edfiques i adoptar <strong>mesures preventives i recomanacions per a evitar la propagaci\u00f3 del coronavirus<\/strong>.<\/p>\n<p>&nbsp;<\/p>\n<p>Hem desenvolupat a partir d&#8217;un client i de la m\u00e0 de l&#8217;empresa de biocides alemanya <strong>ECABIOTEC<\/strong> un protocol i sistema de desinfecci\u00f3 d&#8217;habitacions i zones comunes en establiments hotelers de qualsevol grand\u00e0ria i categoria.<\/p>\n<p>&nbsp;<\/p>\n<p>Actualment podem oferir als nostres clients una desinfecci\u00f3 del <strong>99,89% de l&#8217;establiment<\/strong> amb un producte viricida ecol\u00f2gic exclusiu.<\/p>\n<p>&nbsp;<\/p>\n<p>Aquest sistema de desinfecci\u00f3 est\u00e0 sent utilitzat actualment a Alemanya, Holanda, U.K., i altres pa\u00efsos europeus com a \u00fanica <strong>soluci\u00f3 viable a la desinfecci\u00f3<\/strong> d&#8217;establiments amb aflu\u00e8ncia de persones.<\/p>\n<p>&nbsp;<\/p>\n<p>Marc Clear disposa de la tecnologia i els especialistes per a dur a terme aquestes desinfeccions en els hotels en els quals gestiona actualment el departament de pisos.<\/p>\n<p>&nbsp;<\/p>\n<p>Amb la intenci\u00f3 de continuar flexibilitzant i reduint els costos per als nostres clients hem establert <strong>dos tipus de servei: Per unitat desinfectada pel que s&#8217;adequa el cost a cada \u00fas o adquirint la m\u00e0quina i el producte<\/strong>.[\/vc_column_text][vc_empty_space height=&#8221;45px&#8221;][vc_column_text]Els avantatges que ofereix aquest sistema s\u00f3n els seg\u00fcents:<br \/>\n[\/vc_column_text][vc_empty_space height=&#8221;25px&#8221;][vc_column_text]<\/p>\n<ul>\n<li>Garantia mitjan\u00e7ant certificat v\u00e0lid de la desinfecci\u00f3 d&#8217;habitacions i zones comunes<\/li>\n<li>No hi ha increment de temps en la neteja de l&#8217;habitaci\u00f3 i per tant no augmenten les tarifes<\/li>\n<li>El producte \u00e9s respectu\u00f3s amb totes les superf\u00edcies i no degrada mobiliari ni decoraci\u00f3<\/li>\n<li>L&#8217;aplicaci\u00f3 \u00e9s segura 100% per a clients i treballadors<\/li>\n<li>El cost \u00e9s per habitaci\u00f3 desinfectada pel que s&#8217;ajusta a l&#8217;ocupaci\u00f3 que hi hagi<\/li>\n<\/ul>\n<p>[\/vc_column_text][\/vc_column][\/vc_row][vc_row css_animation=&#8221;&#8221; row_type=&#8221;row&#8221; use_row_as_full_screen_section=&#8221;no&#8221; type=&#8221;grid&#8221; angled_section=&#8221;no&#8221; text_align=&#8221;left&#8221; background_image_as_pattern=&#8221;without_pattern&#8221; z_index=&#8221;&#8221; el_class=&#8221;custom_holder_with_spaces&#8221; padding_bottom=&#8221;50&#8243;][vc_column][vc_column_text]<\/p>\n<h3><span style=\"color: #3a3a3a;\">NETEJA I HIGIENITZACI\u00d3 ENFRONT DEL SARS-CoV-2<\/span><\/h3>\n<p>[\/vc_column_text][qode_elements_holder number_of_columns=&#8221;three_columns&#8221; switch_to_one_column=&#8221;768&#8243; alignment_one_column=&#8221;center&#8221;][qode_elements_holder_item vertical_alignment=&#8221;top&#8221; advanced_animations=&#8221;no&#8221; item_padding=&#8221;10% 10% 10% 10%&#8221; background_color=&#8221;#ffffff&#8221;][vc_column_text]<\/p>\n<h3><span style=\"color: #3a3a3a;\">Neteja i Desinfecci\u00f3<\/span><\/h3>\n<p>&nbsp;<\/p>\n<p>T&#8217;oferim tot el nostre \u00abknow-how\u00bb perqu\u00e8 disposis de sistemes <span style=\"color: #10a410;\">efectius de neteja i higienitzaci\u00f3 adaptats a la COVID 19<\/span> que aporten una <span style=\"color: #10a410;\">esterilitzaci\u00f3 completa<\/span> tant de superf\u00edcies com aer\u00f2bica.[\/vc_column_text][\/qode_elements_holder_item][qode_elements_holder_item vertical_alignment=&#8221;top&#8221; advanced_animations=&#8221;no&#8221; item_padding=&#8221;10% 10% 10% 10%&#8221; background_color=&#8221;#ffffff&#8221;][vc_column_text]<\/p>\n<h3><span style=\"color: #3a3a3a;\">Tecnologia innovadora<\/span><\/h3>\n<p>&nbsp;<\/p>\n<p>Tenim una metodologia basada en la utilitzaci\u00f3 d&#8217;una <span style=\"color: #10a410;\">tecnologia innovadora<\/span> adequada a la situaci\u00f3 actual, amb un objectiu clar; aconseguir una <span style=\"color: #10a410;\">Qualitat Total en la Neteja i Higienitzaci\u00f3<\/span>.[\/vc_column_text][\/qode_elements_holder_item][qode_elements_holder_item vertical_alignment=&#8221;top&#8221; advanced_animations=&#8221;no&#8221; item_padding=&#8221;10% 10% 10% 10%&#8221; background_color=&#8221;#ffffff&#8221;][vc_column_text]<\/p>\n<h3><span style=\"color: #3a3a3a;\">Certificat de Qualitat i Higiene<\/span><\/h3>\n<p>&nbsp;<\/p>\n<p>En cada Servei de Neteja enfront de la Covid-19, Marc Clear expedir\u00e0 un <span style=\"color: #10a410;\">certificat<\/span> acreditant que aquesta neteja s&#8217;ha realitzat d&#8217;acord amb la <span style=\"color: #10a410;\">qualitat higienicosanit\u00e0ria<\/span> requerida enfront del <span style=\"color: #10a410;\">SARS-CoV-2<\/span>.[\/vc_column_text][\/qode_elements_holder_item][\/qode_elements_holder][\/vc_column][\/vc_row][vc_row css_animation=&#8221;&#8221; row_type=&#8221;row&#8221; use_row_as_full_screen_section=&#8221;no&#8221; type=&#8221;full_width&#8221; angled_section=&#8221;no&#8221; text_align=&#8221;left&#8221; background_image_as_pattern=&#8221;without_pattern&#8221; z_index=&#8221;&#8221;][vc_column][qode_elements_holder number_of_columns=&#8221;three_columns&#8221; switch_to_one_column=&#8221;768&#8243;][qode_elements_holder_item vertical_alignment=&#8221;middle&#8221; horizontal_alignment=&#8221;center&#8221; advanced_animations=&#8221;no&#8221;][vc_single_image image=&#8221;689&#8243; img_size=&#8221;full&#8221; alignment=&#8221;center&#8221; qode_css_animation=&#8221;&#8221;][\/qode_elements_holder_item][qode_elements_holder_item vertical_alignment=&#8221;middle&#8221; horizontal_alignment=&#8221;left&#8221; advanced_animations=&#8221;no&#8221; item_padding=&#8221;5% 10% 5% 10%&#8221; background_color=&#8221;#4cb58f&#8221;][vc_empty_space height=&#8221;30px&#8221;][vc_raw_html]JTNDaDMlM0UlM0NzcGFuJTIwc3R5bGUlM0QlMjJjb2xvciUzQSUyMCUyM2ZmZmZmZiUzQiUyMiUzRVNvbHVjaW9ucyUyMGRlJTIwZGVzaW5mZWNjaSVDMyVCMyUyMGVjYWJpb3RlYyUzQyUyRnNwYW4lM0UlM0MlMkZoMyUzRQ==[\/vc_raw_html][vc_empty_space height=&#8221;20px&#8221;][vc_raw_html]JTNDc3BhbiUyMHN0eWxlJTNEJTIyY29sb3IlM0ElMjAlMjNmZmZmZmYlM0IlMjIlM0VBTk9TQU4lMjBpJTIwY29yb25hdmlydXMlMjBDT1ZJRC0xOSUzQ2JyJTNFJTBBQU5PU0FOJTIwcmVkdWVpeCUyMGVscyUyMG1pY3Jvb3JnYW5pc21lcyUyMGNvbSUyMGVscyUyMHZpcnVzJTIwJTI4aW5jbCVDMyVCMnMlMjBDT1ZJRC0xOSUyOSUyMGVuJTIwdW4lMjA5OSUyQzk5JTI1JTIwZW4lMjB1biUyMG1pbnV0LiUzQyUyRnNwYW4lM0U=[\/vc_raw_html][vc_empty_space height=&#8221;30px&#8221;][\/qode_elements_holder_item][qode_elements_holder_item vertical_alignment=&#8221;middle&#8221; horizontal_alignment=&#8221;left&#8221; advanced_animations=&#8221;no&#8221; item_padding=&#8221;5% 10% 5% 10%&#8221; background_color=&#8221;#4cb58f&#8221;][vc_empty_space height=&#8221;30px&#8221;][vc_raw_html]JTNDaDMlM0UlM0NzcGFuJTIwc3R5bGUlM0QlMjJjb2xvciUzQSUyMCUyM2ZmZmZmZiUzQiUyMiUzRURlbWFuYSUyMHByZXNzdXBvc3QlMjBzZW5zZSUyMGNvbXByb20lQzMlQURzJTNDJTJGc3BhbiUzRSUzQyUyRmgzJTNF[\/vc_raw_html][vc_empty_space height=&#8221;20px&#8221;]<div class='q_icon_with_title tiny normal_icon '><div class=\"icon_holder \" style=\" \"><span data-icon-type=\"normal\"  data-icon-hover-color=\"#ffffff\" style=\"\" class=\"qode_iwt_icon_holder q_font_awsome_icon fa-lg  \"><i class=\"qode_icon_font_awesome fa fa-phone qode_iwt_icon_element\" style=\"color: #ffffff;\" ><\/i><\/span><\/div><div class=\"icon_text_holder\" style=\"\"><div class=\"icon_text_inner\" style=\"\"><h5 class=\"icon_title\" style=\"color: #ffffff;\"><\/h5><p style='color: #ffffff'>+34 872 985 858<\/p><\/div><\/div><\/div><div class='q_icon_with_title tiny normal_icon '><div class=\"icon_holder \" style=\" \"><span data-icon-type=\"normal\"  data-icon-hover-color=\"#ffffff\" style=\"\" class=\"qode_iwt_icon_holder q_font_awsome_icon fa-lg  \"><i class=\"qode_icon_font_awesome fa fa-envelope qode_iwt_icon_element\" style=\"color: #ffffff;\" ><\/i><\/span><\/div><div class=\"icon_text_holder\" style=\"\"><div class=\"icon_text_inner\" style=\"\"><h5 class=\"icon_title\" style=\"color: #ffffff;\"><\/h5><p style='color: #ffffff'>info@marcclear.com<\/p><\/div><\/div><\/div>[vc_empty_space height=&#8221;30px&#8221;][\/qode_elements_holder_item][\/qode_elements_holder][\/vc_column][\/vc_row][vc_row css_animation=&#8221;&#8221; row_type=&#8221;row&#8221; use_row_as_full_screen_section=&#8221;no&#8221; type=&#8221;full_width&#8221; angled_section=&#8221;no&#8221; text_align=&#8221;left&#8221; background_image_as_pattern=&#8221;without_pattern&#8221; z_index=&#8221;&#8221;][vc_column css_animation=&#8221;none&#8221;][qode_elements_holder background_color=&#8221;#f6f6f7&#8243; number_of_columns=&#8221;two_columns&#8221; columns_proportion=&#8221;33_66&#8243;][qode_elements_holder_item advanced_animations=&#8221;no&#8221;]<div class=\"qode_video_box\">\n\t<a itemprop=\"image\" class=\"qode_video_image\" href=\"https:\/\/www.youtube.com\/watch?v=CNg2dhiuzG0\" data-rel=\"prettyPhoto\">\n\t\t\t\n\t\t\t<img src=\"https:\/\/marcclear.com\/wp-content\/uploads\/2020\/04\/limpieza-higienizacion-covid-19-servicios-marc-clear-2.jpg\" \/>\n\t\t\t<span class=\"qode_video_box_button_holder\">\n\t\t\t\t<span class=\"qode_video_box_button\">\n\t\t\t\t\t<span class=\"qode_video_box_button_arrow\">\n\t\t\t\t\t<\/span>\n\t\t\t\t<\/span>\n\t\t\t<\/span>\n\t\t\t<\/a>\n<\/div>[\/qode_elements_holder_item][qode_elements_holder_item vertical_alignment=&#8221;middle&#8221; horizontal_alignment=&#8221;left&#8221; advanced_animations=&#8221;no&#8221; item_padding=&#8221;30px 10% 30px 10%&#8221;][vc_empty_space height=&#8221;45px&#8221;][vc_column_text]<i class=\"fa fa-check\" style=\"color: #10a410;\"><!-- icon --><\/i> <span style=\"color: #10a410;\">Desinfecci\u00f3<\/span> de superf\u00edcies i objectes a trav\u00e9s d&#8217;Aigua <span style=\"color: #00 10a410 ca5;\">Ionitzada<\/span>, amb major incid\u00e8ncia en punts cr\u00edtics (poms, claus de la llum, baranes, tel\u00e8fons&#8230;) <span style=\"color: #10a410;\">Esterilitzant qu\u00edmicament<\/span> sense deixar biofilm.[\/vc_column_text][vc_empty_space height=&#8221;18px&#8221;][vc_column_text]<i class=\"fa fa-check\" style=\"color: #10a410;\"><!-- icon --><\/i> <span style=\"color: #10a410;\">Neteja amb Sistema de Microfibra<\/span>, unit a l&#8217;aigua ionitzada. El conjunt d&#8217;aquests dos sistemes permet garantir, d&#8217;una banda la captaci\u00f3 de tota la brut\u00edcia, ja que la microfibra treballa per capil\u00b7laritat captant fins i tot cabells, etc, aix\u00ed com les brut\u00edcies t\u00edpiques, d&#8217;altra banda, l&#8217;aigua ionitzada ens permet garantir nivells d&#8217;higiene del 99,997% molt per sobre dels quals determina la normativa N-1276 per a zones cr\u00edtiques d&#8217;hospitals.[\/vc_column_text][vc_empty_space height=&#8221;18px&#8221;][vc_column_text]<i class=\"fa fa-check\" style=\"color: #10a410;\"><!-- icon --><\/i> <span style=\"color: #10a410;\">Correcci\u00f3 Aer\u00f2bica, esterilitzaci\u00f3 de l&#8217;aire<\/span> amb tractament de xoc (no presencial) <span style=\"color: #10a410;\">amb oz\u00f3<\/span> \u2013 O3 per a inertitzar l&#8217;aire.[\/vc_column_text][vc_empty_space height=&#8221;18px&#8221;][vc_column_text]<\/p>\n<p><i class=\"fa fa-check\" style=\"color: #10a410;\"><!-- icon --><\/i> <span style=\"color: #10a410;\">Vapor sec<\/span>, (4% m\u00e0xim d&#8217;humitat), a 160 \u00b0C (temperatura d&#8217;esterilitzaci\u00f3 t\u00e8rmica), per a la neteja de llits, mobiliari, parets i sostres.<\/p>\n<p>[\/vc_column_text][vc_empty_space height=&#8221;18px&#8221;][vc_column_text]<i class=\"fa fa-check\" style=\"color: #10a410;\"><!-- icon --><\/i> Utilitzem productes a nivell virucida que compleixen amb la <span style=\"color: #10a410;\">Norma UNE 14476<\/span>.[\/vc_column_text][vc_empty_space height=&#8221;45px&#8221;][\/qode_elements_holder_item][\/qode_elements_holder][\/vc_column][\/vc_row]<\/p>\n","protected":false},"excerpt":{"rendered":"<p>[vc_row css_animation=&#8221;&#8221; row_type=&#8221;row&#8221; use_row_as_full_screen_section=&#8221;no&#8221; type=&#8221;grid&#8221; angled_section=&#8221;no&#8221; text_align=&#8221;left&#8221; background_image_as_pattern=&#8221;without_pattern&#8221; z_index=&#8221;&#8221; padding_top=&#8221;60&#8243; padding_bottom=&#8221;60&#8243;][vc_column css_animation=&#8221;fadeIn&#8221;][vc_column_text]Marc Clear com a responsable de neteja i en conseq\u00fc\u00e8ncia de la situaci\u00f3 epidemiol\u00f2gica davant la qual ens trobem, considera necessari, activar un protocol de refor\u00e7 de neteja en zones espec\u00edfiques i adoptar mesures&#8230;<\/p>\n","protected":false},"author":1,"featured_media":0,"parent":0,"menu_order":0,"comment_status":"closed","ping_status":"closed","template":"full_width.php","meta":[],"_links":{"self":[{"href":"https:\/\/marcclear.com\/ca\/wp-json\/wp\/v2\/pages\/635"}],"collection":[{"href":"https:\/\/marcclear.com\/ca\/wp-json\/wp\/v2\/pages"}],"about":[{"href":"https:\/\/marcclear.com\/ca\/wp-json\/wp\/v2\/types\/page"}],"author":[{"embeddable":true,"href":"https:\/\/marcclear.com\/ca\/wp-json\/wp\/v2\/users\/1"}],"replies":[{"embeddable":true,"href":"https:\/\/marcclear.com\/ca\/wp-json\/wp\/v2\/comments?post=635"}],"version-history":[{"count":13,"href":"https:\/\/marcclear.com\/ca\/wp-json\/wp\/v2\/pages\/635\/revisions"}],"predecessor-version":[{"id":712,"href":"https:\/\/marcclear.com\/ca\/wp-json\/wp\/v2\/pages\/635\/revisions\/712"}],"wp:attachment":[{"href":"https:\/\/marcclear.com\/ca\/wp-json\/wp\/v2\/media?parent=635"}],"curies":[{"name":"wp","href":"https:\/\/api.w.org\/{rel}","templated":true}]}}